{"id":34,"date":"2017-09-03T19:33:43","date_gmt":"2017-09-03T19:33:43","guid":{"rendered":"http:\/\/meyn-taxi.de\/?page_id=34"},"modified":"2023-07-09T11:05:35","modified_gmt":"2023-07-09T11:05:35","slug":"stadtrundfahrten","status":"publish","type":"page","link":"http:\/\/meyn-taxi.de\/?page_id=34","title":{"rendered":"Stadtrundfahrten"},"content":{"rendered":"<p><img loading=\"lazy\" decoding=\"async\" class=\"wp-image-138 aligncenter\" src=\"http:\/\/meyn-taxi.de\/wp-content\/uploads\/2017\/09\/bernd3-1-300x112.jpg\" alt=\"\" width=\"999\" height=\"373\" srcset=\"http:\/\/meyn-taxi.de\/wp-content\/uploads\/2017\/09\/bernd3-1-300x112.jpg 300w, http:\/\/meyn-taxi.de\/wp-content\/uploads\/2017\/09\/bernd3-1.jpg 591w\" sizes=\"(max-width: 999px) 100vw, 999px\" \/><\/p>\n<table>\n<tbody>\n<tr>\n<td width=\"614\"><strong>F\u00fcr Touristen und Privatleute<\/strong><\/p>\n<p>Als Besucher Hamburgs w\u00fcnschen sie sich vielleicht einen guten \u00dcberblick \u00fcber die vielen interessanten Sehensw\u00fcrdigkeiten und besonderen Orte dieser sch\u00f6nen Stadt.<\/p>\n<p>Auf einer Rundfahrt k\u00f6nnen wir viele dieser Orte besuchen.<\/p>\n<p>So haben sie ein eigenes Bild von Hamburg und wissen dann, was sie besonders interessiert<\/p>\n<p>Wenn sie W\u00fcnsche haben ausgew\u00e4hlte Orte zu sehen, binde ich diese Orte in die Rundfahrt ein.<\/p>\n<p>Wir machen diverse Stopps oder fahren einfach nur vorbei &#8211; ganz nach ihren Vorstellungen<\/p>\n<ul>\n<li>Wovon haben sie geh\u00f6rt? Was m\u00f6chten sie sehen und wozu w\u00fcnschen sie sich Informationen?<\/li>\n<li>Wollen sie \u201edie Klassiker\u201c wie Rathaus, Speicherstadt, Michel Landungsbr\u00fccken und Reeperbahn sehen?<\/li>\n<li>Wollen sie um die Alster gefahren werden oder nach Blankenese?<\/li>\n<li>Wie sieht der Hafen denn \u00fcberhaupt aus? Geht der Seemann noch auf die Reeperbahn?<\/li>\n<li>Vielleicht interessieren Sie aber auch die Szeneviertel \u2013 die Schanze oder das Karoviertel?<\/li>\n<li>Oder Wilhelmsburg, die Vier-und Marschlande oder der Ohlsdorfer Friedhof?<\/li>\n<\/ul>\n<p>Ich bin zertifizierter Stadtf\u00fchrer, Mitglied der Hamburg Guides und mache seit \u00fcber 15 Jahren Stadtrundfahrten in Hamburg.<\/p>\n<p><strong>Eine individuell auf Sie zugeschnittene Stadtrundfahrt mit Haltepunkten kostet:<\/strong><\/p>\n<p>In den ersten beiden Stunden:\u00a0\u00a0\u00a0\u00a0\u00a0\u00a0\u00a0\u00a0\u00a0 90 Euro\/ Stunde<br \/>\nAb der dritten Stunde:\u00a0\u00a0\u00a0\u00a0\u00a0\u00a0\u00a0\u00a0\u00a0\u00a0\u00a0\u00a0\u00a0\u00a0\u00a0\u00a0\u00a0\u00a0 \u00a0\u00a0\u00a0\u00a0\u00a0\u00a0 80 Euro\/ Stunde<\/p>\n<p><strong>F\u00fcr Firmenkunden<\/strong><\/p>\n<p>Mit Hamburg kann man werben.<\/p>\n<ul>\n<li>Ich zeige ihren Kunden in kurzer Zeit die Sch\u00f6nheiten und Facetten einer faszinierenden Metropole.<br \/>\nUnd helfe ihnen gern, einen Kunden f\u00fcr Sie und ihr Unternehmen zu gewinnen.<\/li>\n<li>Denn mit Hamburg als Firmenstandort haben sie ein Pfund, mit dem sie wuchern k\u00f6nnen.<\/li>\n<li>Ich hole Ihre Kunden beispielsweise am Flughafen oder in ihrer Firma ab, mache mit ihnen eine Stadtrundfahrt und bringe sie anschlie\u00dfend ins Hotel oder ins Restaurant.<\/li>\n<li>Sie haben die M\u00f6glichkeit sich auf weitere Termine vorzubereiten, w\u00e4hrend ich mich um Ihre Kunden k\u00fcmmere. Oder Sie begleiten uns und erz\u00e4hlen Ihre pers\u00f6nlichen Hamburg Geschichten.<\/li>\n<\/ul>\n<p>Ich bin zertifizierter Stadtf\u00fchrer, Mitglied der Hamburg Guides und mache seit \u00fcber 15 Jahren Stadtrundfahrten in Hamburg.<\/p>\n<p><strong>Eine individuell auf Sie zugeschnittene Stadtrundfahrt mit Haltepunkten kostet:<\/strong><\/p>\n<p>In den ersten beiden Stunden:\u00a0\u00a0\u00a0\u00a0\u00a0\u00a0\u00a0\u00a0\u00a0 90 Euro\/ Stunde<br \/>\nAb der dritten Stunde:\u00a0\u00a0\u00a0\u00a0\u00a0\u00a0\u00a0\u00a0\u00a0\u00a0\u00a0\u00a0\u00a0\u00a0\u00a0\u00a0\u00a0\u00a0 \u00a0\u00a0\u00a0\u00a0\u00a0\u00a0 80 Euro\/ Stunde<\/td>\n<\/tr>\n<\/tbody>\n<\/table>\n ","protected":false},"excerpt":{"rendered":"<p>F\u00fcr Touristen und Privatleute Als Besucher Hamburgs w\u00fcnschen sie sich vielleicht einen guten \u00dcberblick \u00fcber die vielen interessanten Sehensw\u00fcrdigkeiten und besonderen Orte dieser sch\u00f6nen Stadt. Auf einer Rundfahrt k\u00f6nnen wir viele dieser Orte besuchen. So haben sie ein eigenes Bild von Hamburg und wissen dann, was sie besonders interessiert Wenn sie W\u00fcnsche haben ausgew\u00e4hlte Orte [&hellip;]<\/p>\n","protected":false},"author":1,"featured_media":0,"parent":0,"menu_order":0,"comment_status":"closed","ping_status":"closed","template":"","meta":{"footnotes":""},"class_list":["post-34","page","type-page","status-publish","hentry"],"_links":{"self":[{"href":"http:\/\/meyn-taxi.de\/index.php?rest_route=\/wp\/v2\/pages\/34"}],"collection":[{"href":"http:\/\/meyn-taxi.de\/index.php?rest_route=\/wp\/v2\/pages"}],"about":[{"href":"http:\/\/meyn-taxi.de\/index.php?rest_route=\/wp\/v2\/types\/page"}],"author":[{"embeddable":true,"href":"http:\/\/meyn-taxi.de\/index.php?rest_route=\/wp\/v2\/users\/1"}],"replies":[{"embeddable":true,"href":"http:\/\/meyn-taxi.de\/index.php?rest_route=%2Fwp%2Fv2%2Fcomments&post=34"}],"version-history":[{"count":20,"href":"http:\/\/meyn-taxi.de\/index.php?rest_route=\/wp\/v2\/pages\/34\/revisions"}],"predecessor-version":[{"id":448,"href":"http:\/\/meyn-taxi.de\/index.php?rest_route=\/wp\/v2\/pages\/34\/revisions\/448"}],"wp:attachment":[{"href":"http:\/\/meyn-taxi.de\/index.php?rest_route=%2Fwp%2Fv2%2Fmedia&parent=34"}],"curies":[{"name":"wp","href":"https:\/\/api.w.org\/{rel}","templated":true}]}}