{"id":50,"date":"2017-09-03T19:38:02","date_gmt":"2017-09-03T19:38:02","guid":{"rendered":"http:\/\/meyn-taxi.de\/?page_id=50"},"modified":"2024-09-09T15:13:28","modified_gmt":"2024-09-09T15:13:28","slug":"ferntouren-festpreisliste","status":"publish","type":"page","link":"http:\/\/meyn-taxi.de\/?page_id=50","title":{"rendered":"Festpreisliste Ferntouren"},"content":{"rendered":"<p><img loading=\"lazy\" decoding=\"async\" class=\"alignnone wp-image-342 size-full\" src=\"http:\/\/meyn-taxi.de\/wp-content\/uploads\/2017\/10\/ferntouren.jpg\" alt=\"\" width=\"1095\" height=\"821\" srcset=\"http:\/\/meyn-taxi.de\/wp-content\/uploads\/2017\/10\/ferntouren.jpg 1095w, http:\/\/meyn-taxi.de\/wp-content\/uploads\/2017\/10\/ferntouren-300x225.jpg 300w, http:\/\/meyn-taxi.de\/wp-content\/uploads\/2017\/10\/ferntouren-768x576.jpg 768w, http:\/\/meyn-taxi.de\/wp-content\/uploads\/2017\/10\/ferntouren-1024x768.jpg 1024w\" sizes=\"(max-width: 1095px) 100vw, 1095px\" \/><\/p>\n<p>Bei Ferntouren \u00fcber 50 km ab Hamburg biete ich besondere<br \/>\nPreise an (incl. Gro\u00dfraumzuschlag und 19% Mwst).<\/p>\n<p><strong>Beispiele ab Hamburg<\/strong><\/p>\n<p>( Umkreis <strong>bis 100 km<\/strong>, der Kilometerpreis betr\u00e4gt<strong> ca 2,40 \u20ac<\/strong>)<\/p>\n<table style=\"height: 561px;\" width=\"424\">\n<tbody>\n<tr>\n<td width=\"141\"><strong>Ort<\/strong><\/td>\n<td width=\"82\"><strong>Entfernung<\/strong><\/td>\n<td width=\"85\"><strong>Festpreis<\/strong><\/td>\n<td width=\"89\"><strong>inkl. MwSt.<\/strong><\/td>\n<\/tr>\n<tr>\n<td width=\"141\">Buxtehude<\/td>\n<td width=\"82\">50 km<\/td>\n<td width=\"85\">120,- \u20ac<\/td>\n<td width=\"89\">19,16 \u20ac<\/td>\n<\/tr>\n<tr>\n<td width=\"141\">M\u00f6lln<\/td>\n<td width=\"82\">51 km<\/td>\n<td width=\"85\">122,- \u20ac<\/td>\n<td width=\"89\">19,48 \u20ac<\/td>\n<\/tr>\n<tr>\n<td width=\"141\">Stade<\/td>\n<td width=\"82\">52 km<\/td>\n<td width=\"85\">125,- \u20ac<\/td>\n<td width=\"89\">19,96 \u20ac<\/td>\n<\/tr>\n<tr>\n<td width=\"141\">L\u00fcneburg<\/td>\n<td width=\"82\">54 km<\/td>\n<td width=\"85\">130,- \u20ac<\/td>\n<td width=\"89\">20,76 \u20ac<\/td>\n<\/tr>\n<tr>\n<td width=\"141\">Itzehoe<\/td>\n<td width=\"82\">57 km<\/td>\n<td width=\"85\">137,- \u20ac<\/td>\n<td width=\"89\">21,87 \u20ac<\/td>\n<\/tr>\n<tr>\n<td width=\"141\">Gl\u00fcckstadt<\/td>\n<td width=\"82\">58 km<\/td>\n<td width=\"85\">139,- \u20ac<\/td>\n<td width=\"89\">22,19 \u20ac<\/td>\n<\/tr>\n<tr>\n<td width=\"141\">Ratzeburg<\/td>\n<td width=\"82\">62 km<\/td>\n<td width=\"85\">149,- \u20ac<\/td>\n<td width=\"89\">23,79 \u20ac<\/td>\n<\/tr>\n<tr>\n<td width=\"141\">L\u00fcbeck<\/td>\n<td width=\"82\">65 km<\/td>\n<td width=\"85\">156,- \u20ac<\/td>\n<td width=\"89\">24,91 \u20ac<\/td>\n<\/tr>\n<tr>\n<td width=\"141\">Neum\u00fcnster<\/td>\n<td width=\"82\">67 km<\/td>\n<td width=\"85\">161,- \u20ac<\/td>\n<td width=\"89\">25,71 \u20ac<\/td>\n<\/tr>\n<tr>\n<td width=\"141\">Soltau<\/td>\n<td width=\"82\">75 km<\/td>\n<td width=\"85\">180,- \u20ac<\/td>\n<td width=\"89\">28,74 \u20ac<\/td>\n<\/tr>\n<tr>\n<td width=\"141\">Timmendorf<\/td>\n<td width=\"82\">79 km<\/td>\n<td width=\"85\">190,- \u20ac<\/td>\n<td width=\"89\">30,34 \u20ac<\/td>\n<\/tr>\n<tr>\n<td width=\"141\"><strong>Wacken Open Air<\/strong><\/td>\n<td width=\"82\">82 km<\/td>\n<td width=\"85\">200,- \u20ac<\/td>\n<td width=\"89\">31,93\u20ac<\/td>\n<\/tr>\n<tr>\n<td width=\"141\">Malente<\/td>\n<td width=\"82\">86 km<\/td>\n<td width=\"85\">198,- \u20ac<\/td>\n<td width=\"89\">31,61 \u20ac<\/td>\n<\/tr>\n<tr>\n<td width=\"141\">Brunsb\u00fcttel<\/td>\n<td width=\"82\">88 km<\/td>\n<td width=\"85\">211,- \u20ac<\/td>\n<td width=\"89\">33,39 \u20ac<\/td>\n<\/tr>\n<tr>\n<td width=\"141\">Bad Bevensen<\/td>\n<td width=\"82\">93 km<\/td>\n<td width=\"85\">223,- \u20ac<\/td>\n<td width=\"89\">35,61 \u20ac<\/td>\n<\/tr>\n<tr>\n<td width=\"141\">Fallingbostel<\/td>\n<td width=\"82\">94 km<\/td>\n<td width=\"85\">225,- \u20ac<\/td>\n<td width=\"89\">35,92 \u20ac<\/td>\n<\/tr>\n<tr>\n<td width=\"141\">Kiel<\/td>\n<td width=\"82\">97 km<\/td>\n<td width=\"85\">230,- \u20ac<\/td>\n<td width=\"89\">36,72 \u20ac<\/td>\n<\/tr>\n<\/tbody>\n<\/table>\n<p><strong>Beispiele ab Hamburg<\/strong><\/p>\n<p>(Umkreis <strong>bis 200 km<\/strong>, der Kilometerpreis betr\u00e4gt <strong>ca. 2,30 \u20ac<\/strong> )<\/p>\n<table>\n<tbody>\n<tr>\n<td width=\"141\">Walsrode<\/td>\n<td width=\"85\">100 km<\/td>\n<td width=\"85\">230,- \u20ac<\/td>\n<td width=\"85\">36,72 \u20ac<\/td>\n<\/tr>\n<tr>\n<td width=\"141\">Heide<\/td>\n<td width=\"85\">105 km<\/td>\n<td width=\"85\">242,- \u20ac<\/td>\n<td width=\"85\">38,64 \u20ac<\/td>\n<\/tr>\n<tr>\n<td width=\"141\">Rendsburg<\/td>\n<td width=\"85\">106 km<\/td>\n<td width=\"85\">244,- \u20ac<\/td>\n<td width=\"85\">38,96 \u20ac<\/td>\n<\/tr>\n<tr>\n<td width=\"141\">Celle<\/td>\n<td width=\"85\">119 km<\/td>\n<td width=\"85\">274,- \u20ac<\/td>\n<td width=\"85\">43,75 \u20ac<\/td>\n<\/tr>\n<tr>\n<td width=\"141\">Eckernf\u00f6rde<\/td>\n<td width=\"85\">119 km<\/td>\n<td width=\"85\">274,- \u20ac<\/td>\n<td width=\"85\">43,75 \u20ac<\/td>\n<\/tr>\n<tr>\n<td width=\"141\">Bremen<\/td>\n<td width=\"85\">123 km<\/td>\n<td width=\"85\">283,- \u20ac<\/td>\n<td width=\"85\">45,18 \u20ac<\/td>\n<\/tr>\n<tr>\n<td width=\"141\">Schleswig<\/td>\n<td width=\"85\">127 km<\/td>\n<td width=\"85\">292,- \u20ac<\/td>\n<td width=\"85\">46,62 \u20ac<\/td>\n<\/tr>\n<tr>\n<td width=\"141\">Wismar<\/td>\n<td width=\"85\">136 km<\/td>\n<td width=\"85\">313,- \u20ac<\/td>\n<td width=\"85\">49,97 \u20ac<\/td>\n<\/tr>\n<tr>\n<td width=\"141\">Husum<\/td>\n<td width=\"85\">143 km<\/td>\n<td width=\"85\">329,- \u20ac<\/td>\n<td width=\"85\">52,53 \u20ac<\/td>\n<\/tr>\n<tr>\n<td width=\"141\">Hannover<\/td>\n<td width=\"85\">150 km<\/td>\n<td width=\"85\">345,- \u20ac<\/td>\n<td width=\"85\">55,08 \u20ac<\/td>\n<\/tr>\n<tr>\n<td width=\"141\">Flensburg<\/td>\n<td width=\"85\">159 km<\/td>\n<td width=\"85\">365,- \u20ac<\/td>\n<td width=\"85\">58,28 \u20ac<\/td>\n<\/tr>\n<tr>\n<td width=\"141\">Bremerhaven<\/td>\n<td width=\"85\">159 km<\/td>\n<td width=\"85\">365,- \u20ac<\/td>\n<td width=\"85\">58,28 \u20ac<\/td>\n<\/tr>\n<tr>\n<td width=\"141\">Rostock<\/td>\n<td width=\"85\">195 km<\/td>\n<td width=\"85\">450,- \u20ac<\/td>\n<td width=\"85\">71,85 \u20ac<\/td>\n<\/tr>\n<tr>\n<td width=\"141\">Braunschweig<\/td>\n<td width=\"85\">200 km<\/td>\n<td width=\"85\">460,- \u20ac<\/td>\n<td width=\"85\">73,45 \u20ac<\/td>\n<\/tr>\n<\/tbody>\n<\/table>\n<p><strong>Beispiele ab Hamburg<\/strong><\/p>\n<p>Bei einem Umkreis von<strong> \u00fcber 200 km<\/strong> betr\u00e4gt der Kilometerpreis <strong>2,20 \u20ac.<\/strong><\/p>\n<p>Weil wir mit einem Elektro-Taxi fahren,<\/p>\n<p>ist eine Ladepause von maximal 15 Minuten n\u00f6tig.<\/p>\n<table>\n<tbody>\n<tr>\n<td width=\"142\">Berlin<\/td>\n<td width=\"85\">290 km<\/td>\n<td width=\"85\">640,- \u20ac<\/td>\n<td width=\"85\">102,18 \u20ac<\/td>\n<\/tr>\n<\/tbody>\n<\/table>\n ","protected":false},"excerpt":{"rendered":"<p>Bei Ferntouren \u00fcber 50 km ab Hamburg biete ich besondere Preise an (incl. Gro\u00dfraumzuschlag und 19% Mwst). Beispiele ab Hamburg ( Umkreis bis 100 km, der Kilometerpreis betr\u00e4gt ca 2,40 \u20ac) Ort Entfernung Festpreis inkl. MwSt. Buxtehude 50 km 120,- \u20ac 19,16 \u20ac M\u00f6lln 51 km 122,- \u20ac 19,48 \u20ac Stade 52 km 125,- \u20ac [&hellip;]<\/p>\n","protected":false},"author":1,"featured_media":0,"parent":0,"menu_order":0,"comment_status":"closed","ping_status":"closed","template":"","meta":{"footnotes":""},"class_list":["post-50","page","type-page","status-publish","hentry"],"_links":{"self":[{"href":"http:\/\/meyn-taxi.de\/index.php?rest_route=\/wp\/v2\/pages\/50"}],"collection":[{"href":"http:\/\/meyn-taxi.de\/index.php?rest_route=\/wp\/v2\/pages"}],"about":[{"href":"http:\/\/meyn-taxi.de\/index.php?rest_route=\/wp\/v2\/types\/page"}],"author":[{"embeddable":true,"href":"http:\/\/meyn-taxi.de\/index.php?rest_route=\/wp\/v2\/users\/1"}],"replies":[{"embeddable":true,"href":"http:\/\/meyn-taxi.de\/index.php?rest_route=%2Fwp%2Fv2%2Fcomments&post=50"}],"version-history":[{"count":18,"href":"http:\/\/meyn-taxi.de\/index.php?rest_route=\/wp\/v2\/pages\/50\/revisions"}],"predecessor-version":[{"id":451,"href":"http:\/\/meyn-taxi.de\/index.php?rest_route=\/wp\/v2\/pages\/50\/revisions\/451"}],"wp:attachment":[{"href":"http:\/\/meyn-taxi.de\/index.php?rest_route=%2Fwp%2Fv2%2Fmedia&parent=50"}],"curies":[{"name":"wp","href":"https:\/\/api.w.org\/{rel}","templated":true}]}}