{"id":52,"date":"2017-09-03T19:38:23","date_gmt":"2017-09-03T19:38:23","guid":{"rendered":"http:\/\/meyn-taxi.de\/?page_id=52"},"modified":"2023-07-09T10:12:25","modified_gmt":"2023-07-09T10:12:25","slug":"stundenweise-buchungen","status":"publish","type":"page","link":"http:\/\/meyn-taxi.de\/?page_id=52","title":{"rendered":"Fahrdienst \/ Chauffeur"},"content":{"rendered":"<p><img loading=\"lazy\" decoding=\"async\" class=\"wp-image-86 aligncenter\" src=\"http:\/\/meyn-taxi.de\/wp-content\/uploads\/2017\/09\/bernd2-300x110.jpg\" alt=\"\" width=\"998\" height=\"366\" srcset=\"http:\/\/meyn-taxi.de\/wp-content\/uploads\/2017\/09\/bernd2-300x110.jpg 300w, http:\/\/meyn-taxi.de\/wp-content\/uploads\/2017\/09\/bernd2.jpg 600w\" sizes=\"(max-width: 998px) 100vw, 998px\" \/><\/p>\n<p>Wenn sie mein Taxi f\u00fcr eine oder mehrere Stunden <strong>innerhalb Hamburgs<\/strong> und im n\u00e4heren Umkreis ben\u00f6tigen, biete ich ihnen einen<br \/>\n<strong>Fahrdienst <\/strong>f\u00fcr<strong>\u00a0 65,- Euro\/Std (incl 19% MwSt )<br \/>\n<\/strong>an.<\/p>\n ","protected":false},"excerpt":{"rendered":"<p>Wenn sie mein Taxi f\u00fcr eine oder mehrere Stunden innerhalb Hamburgs und im n\u00e4heren Umkreis ben\u00f6tigen, biete ich ihnen einen Fahrdienst f\u00fcr\u00a0 65,- Euro\/Std (incl 19% MwSt ) an.<\/p>\n","protected":false},"author":1,"featured_media":0,"parent":0,"menu_order":0,"comment_status":"closed","ping_status":"closed","template":"","meta":{"footnotes":""},"class_list":["post-52","page","type-page","status-publish","hentry"],"_links":{"self":[{"href":"http:\/\/meyn-taxi.de\/index.php?rest_route=\/wp\/v2\/pages\/52"}],"collection":[{"href":"http:\/\/meyn-taxi.de\/index.php?rest_route=\/wp\/v2\/pages"}],"about":[{"href":"http:\/\/meyn-taxi.de\/index.php?rest_route=\/wp\/v2\/types\/page"}],"author":[{"embeddable":true,"href":"http:\/\/meyn-taxi.de\/index.php?rest_route=\/wp\/v2\/users\/1"}],"replies":[{"embeddable":true,"href":"http:\/\/meyn-taxi.de\/index.php?rest_route=%2Fwp%2Fv2%2Fcomments&post=52"}],"version-history":[{"count":11,"href":"http:\/\/meyn-taxi.de\/index.php?rest_route=\/wp\/v2\/pages\/52\/revisions"}],"predecessor-version":[{"id":437,"href":"http:\/\/meyn-taxi.de\/index.php?rest_route=\/wp\/v2\/pages\/52\/revisions\/437"}],"wp:attachment":[{"href":"http:\/\/meyn-taxi.de\/index.php?rest_route=%2Fwp%2Fv2%2Fmedia&parent=52"}],"curies":[{"name":"wp","href":"https:\/\/api.w.org\/{rel}","templated":true}]}}